{"id":58,"date":"2021-06-19T11:16:27","date_gmt":"2021-06-19T11:16:27","guid":{"rendered":"https:\/\/biograna.net\/?page_id=58"},"modified":"2024-10-05T22:13:56","modified_gmt":"2024-10-05T22:13:56","slug":"presentation","status":"publish","type":"page","link":"https:\/\/biograna.net\/index.php\/fr\/presentation\/","title":{"rendered":"Pr\u00e9sentation"},"content":{"rendered":"\n<p class=\"has-text-align-center\"><\/p>\n\n\n\n<p id=\"tw-target-text\">Nous sommes un groupe de producteurs de grenades biologiques certifi\u00e9s par le Comit\u00e9 d&#8217;Agriculture \u00c9cologique de la Comunitat Valenciana (CAECV) du Baix Vinalop\u00f3 et des comt\u00e9s voisins, nous commercialisons ensemble depuis des ann\u00e9es.<\/p>\n\n\n\n<div class=\"wp-block-columns is-layout-flex wp-container-core-columns-layout-1 wp-block-columns-is-layout-flex\">\n<div class=\"wp-block-column is-layout-flow wp-block-column-is-layout-flow\" style=\"flex-basis:66.66%\">\n<figure class=\"wp-block-image alignwide size-large\" id=\"wp-block-themeisle-blocks-image-103c0319\"><img loading=\"lazy\" decoding=\"async\" width=\"2560\" height=\"1921\" src=\"https:\/\/biograna.net\/wp-content\/uploads\/2021\/12\/1636560986063-edited-scaled.jpg\" alt=\"\" class=\"wp-image-643\" srcset=\"https:\/\/biograna.net\/wp-content\/uploads\/2021\/12\/1636560986063-edited-scaled.jpg 2560w, https:\/\/biograna.net\/wp-content\/uploads\/2021\/12\/1636560986063-edited-300x225.jpg 300w, https:\/\/biograna.net\/wp-content\/uploads\/2021\/12\/1636560986063-edited-1024x768.jpg 1024w, https:\/\/biograna.net\/wp-content\/uploads\/2021\/12\/1636560986063-edited-768x576.jpg 768w, https:\/\/biograna.net\/wp-content\/uploads\/2021\/12\/1636560986063-edited-1536x1153.jpg 1536w, https:\/\/biograna.net\/wp-content\/uploads\/2021\/12\/1636560986063-edited-2048x1537.jpg 2048w, https:\/\/biograna.net\/wp-content\/uploads\/2021\/12\/1636560986063-edited-700x525.jpg 700w\" sizes=\"(max-width: 2560px) 100vw, 2560px\" \/><\/figure>\n<\/div>\n\n\n\n<div class=\"wp-block-column is-layout-flow wp-block-column-is-layout-flow\" style=\"flex-basis:33.33%\">\n<figure class=\"wp-block-image alignwide size-full is-style-default\"><img loading=\"lazy\" decoding=\"async\" width=\"289\" height=\"174\" src=\"https:\/\/biograna.net\/wp-content\/uploads\/2021\/06\/image.png\" alt=\"Mangrana\" class=\"wp-image-149\"\/><\/figure>\n\n\n\n<figure class=\"wp-block-image alignwide size-large is-style-rounded\" id=\"wp-block-themeisle-blocks-image-c741cb22\"><img loading=\"lazy\" decoding=\"async\" width=\"200\" height=\"133\" src=\"https:\/\/biograna.net\/wp-content\/uploads\/2021\/06\/image-1.png\" alt=\"Mollar\" class=\"wp-image-268\"\/><\/figure>\n<\/div>\n<\/div>\n\n\n\n<p><\/p>\n\n\n\n<p id=\"tw-target-text\">En 2020, nous sommes devenus la BIOGRANA Agricultural Transformation Society pour am\u00e9liorer la production, la transformation et la commercialisation des grenades biologiques certifi\u00e9es par le CAECV.<\/p>\n\n\n\n<p id=\"tw-target-text\">Nos objectifs sont:<\/p>\n\n\n\n<ul>\n<li>La production et la commercialisation de grenades biologiques.<\/li>\n\n\n\n<li>Disposer des moyens techniques appropri\u00e9s pour conditionner, emballer et commercialiser.<\/li>\n\n\n\n<li>Assurer la planification de la production et son adaptation \u00e0 la demande, notamment en quantit\u00e9 \u00e0 chaque instant de la campagne, sans compromis sur la qualit\u00e9.<\/li>\n\n\n\n<li>Favoriser la concentration de l&#8217;offre et la mise sur le march\u00e9 de la production de nos fermes, offrant des produits de proximit\u00e9 et dans de bonnes conditions de conservation.<\/li>\n\n\n\n<li>R\u00e9duire les co\u00fbts de production et r\u00e9gulariser les prix de production.<\/li>\n\n\n\n<li>Encourager des pratiques culturales et des techniques de production et de gestion respectueuses de l&#8217;environnement, notamment pour prot\u00e9ger la qualit\u00e9 de l&#8217;eau, des sols et des paysages, pour pr\u00e9server et valoriser la biodiversit\u00e9.<\/li>\n<\/ul>\n\n\n\n<p>Nous avons des grenades fra\u00eechement coup\u00e9es ou conserv\u00e9es en chambres froides que nous pouvons servir d&#8217;octobre \u00e0 la fin de l&#8217;ann\u00e9e.<\/p>\n\n\n\n<div class=\"wp-block-columns is-layout-flex wp-container-core-columns-layout-2 wp-block-columns-is-layout-flex\">\n<div class=\"wp-block-column is-layout-flow wp-block-column-is-layout-flow\"><div class=\"wp-block-image\">\n<figure class=\"aligncenter\"><img decoding=\"async\" src=\"https:\/\/biograna.net\/wp-content\/uploads\/2021\/12\/1636561640262-225x300.jpg\" alt=\"Aquesta imatge t\u00e9 l'atribut alt buit; el seu nom \u00e9s 1636561640262-225x300.jpg\"\/><\/figure><\/div><\/div>\n\n\n\n<div class=\"wp-block-column is-layout-flow wp-block-column-is-layout-flow\">\n<figure class=\"wp-block-image size-medium is-style-rounded\" id=\"wp-block-themeisle-blocks-image-5ef65264\"><img loading=\"lazy\" decoding=\"async\" width=\"300\" height=\"225\" src=\"https:\/\/biograna.net\/wp-content\/uploads\/2021\/12\/1636561584852-300x225.jpg\" alt=\"\" class=\"wp-image-540\" srcset=\"https:\/\/biograna.net\/wp-content\/uploads\/2021\/12\/1636561584852-300x225.jpg 300w, https:\/\/biograna.net\/wp-content\/uploads\/2021\/12\/1636561584852-1024x768.jpg 1024w, https:\/\/biograna.net\/wp-content\/uploads\/2021\/12\/1636561584852-768x576.jpg 768w, https:\/\/biograna.net\/wp-content\/uploads\/2021\/12\/1636561584852-1536x1152.jpg 1536w, https:\/\/biograna.net\/wp-content\/uploads\/2021\/12\/1636561584852-2048x1536.jpg 2048w, https:\/\/biograna.net\/wp-content\/uploads\/2021\/12\/1636561584852-700x525.jpg 700w\" sizes=\"(max-width: 300px) 100vw, 300px\" \/><\/figure>\n<\/div>\n<\/div>\n\n\n\n<p><\/p>\n\n\n\n<p>Notre production est situ\u00e9e dans le sud de la province d&#8217;Alicante. Nous le conditionnons et le commercialisons directement \u00e0 partir de l&#8217;arbre afin que les processus et le temps soient courts et que le produit arrive frais jusqu&#8217;\u00e0 la consommation.<\/p>\n\n\n\n<p><\/p>\n\n\n\n<h2 class=\"wp-block-heading\">Vari\u00e9t\u00e9 que nous vendons<\/h2>\n\n\n\n<div id=\"wp-block-themeisle-blocks-advanced-columns-f94b1c5c\" class=\"wp-block-themeisle-blocks-advanced-columns has-1-columns has-desktop-equal-layout has-tablet-equal-layout has-mobile-collapsedRows-layout has-vertical-unset has-default-gap\"><div class=\"wp-block-themeisle-blocks-advanced-columns-overlay\"><\/div><div class=\"innerblocks-wrap\">\n<div id=\"wp-block-themeisle-blocks-advanced-column-ec67196b\" class=\"wp-block-themeisle-blocks-advanced-column\">\n<h2 class=\"wp-block-heading\">Mollar<\/h2>\n\n\n\n<p><em>La <\/em><strong>Grenade Mollar<\/strong><em> est traditionnellement cultiv\u00e9e dans le Camp d&#8217;Elx (situ\u00e9 au sud de la Communaut\u00e9 Valencienne) et est prot\u00e9g\u00e9e par l&#8217;<\/em><strong>Appellation d&#8217;Origine Grenade Mollar Elche (D.O.)<\/strong><em>.<\/em><\/p>\n\n\n<div class=\"wp-block-image is-style-rounded\">\n<figure class=\"aligncenter size-large\"><img loading=\"lazy\" decoding=\"async\" width=\"298\" height=\"276\" src=\"https:\/\/biograna.net\/wp-content\/uploads\/2021\/06\/Mollar.jpg\" alt=\"Mollar\" class=\"wp-image-129\"\/><\/figure><\/div>\n\n\n<p><\/p>\n\n\n\n<p><em>Les sols et la lumi\u00e8re apport\u00e9s par les heures d&#8217;ensoleillement sous ces latitudes donnent des grenades tr\u00e8s juteuses et surtout sucr\u00e9es, riches en min\u00e9raux et vitamines.<\/em><\/p>\n\n\n\n<p><em>Sa forme est arrondie (moyens-gros calibres) avec sa couronne caract\u00e9ristique. La couleur ext\u00e9rieure est rouge jaun\u00e2tre et la couleur int\u00e9rieure est rouge clair. La peau r\u00e9siste bien aux manipulations.<\/em><\/p>\n\n\n\n<p><em>Le grain se distingue par sa douceur exceptionnelle avec ses graines comestibles, plus petites et plus douces que le reste des vari\u00e9t\u00e9s.<\/em><\/p>\n\n\n<div class=\"wp-block-image is-style-rounded\">\n<figure class=\"aligncenter size-large\"><img loading=\"lazy\" decoding=\"async\" width=\"218\" height=\"142\" src=\"https:\/\/biograna.net\/wp-content\/uploads\/2021\/06\/AriloMollar.jpg\" alt=\"Arille Mollar\" class=\"wp-image-131\"\/><\/figure><\/div>\n\n\n<p><\/p>\n\n\n\n<p><em><strong>Il est r\u00e9colt\u00e9 en octobre et peut \u00eatre conserv\u00e9 jusqu&#8217;\u00e0 4 mois.<\/strong><\/em><\/p>\n<\/div>\n<\/div><\/div>\n\n\n\n<p><\/p>\n\n\n\n<h2 class=\"wp-block-heading\">Formats que nous vendons<\/h2>\n\n\n\n<h3 class=\"wp-block-heading\">Tailles<\/h3>\n\n\n\n<p><\/p>\n\n\n\n<ul>\n<li><strong>Taille 8: <\/strong><em>Grenades de <em><em><em>500 gr.<\/em> <em><em><em><em>ou plus<\/em><\/em><\/em><\/em><\/em><\/em>. Diam\u00e8tre de 11 cm. ou plus<\/em><\/li>\n\n\n\n<li><strong>Taille 10: <\/strong><em>Grenades de <em><em><em>410 \u00e0 490<\/em><\/em><\/em> gr. Diam\u00e8tre de 10 \u00e0 11 cm.<\/em><\/li>\n\n\n\n<li><strong>Taille 12: <\/strong><em>Grenades de <em><em>330 <em><em><em><em>\u00e0<\/em><\/em><\/em><\/em> 400<\/em> <\/em> gr. Diam\u00e8tre de 9 \u00e0 10 cm.<\/em><\/li>\n\n\n\n<li><strong>Taille 15: <\/strong><em>Grenades de <em><em>270 <em>\u00e0<\/em> 320<\/em><\/em> gr. Diam\u00e8tre de 8 \u00e0 9 cm.<\/em><\/li>\n\n\n\n<li><strong>Taille 18: <\/strong><em>Grenades de <em><em>200<\/em><\/em> \u00e0 260 gr. Diam\u00e8tre de 7 \u00e0 8 cm.<\/em><\/li>\n<\/ul>\n\n\n\n<figure class=\"wp-block-image size-medium\" id=\"wp-block-themeisle-blocks-image-3c224804\"><img loading=\"lazy\" decoding=\"async\" width=\"224\" height=\"300\" src=\"https:\/\/biograna.net\/wp-content\/uploads\/2021\/12\/1636561738744-224x300.jpg\" alt=\"\" class=\"wp-image-539\" srcset=\"https:\/\/biograna.net\/wp-content\/uploads\/2021\/12\/1636561738744-224x300.jpg 224w, https:\/\/biograna.net\/wp-content\/uploads\/2021\/12\/1636561738744-765x1024.jpg 765w, https:\/\/biograna.net\/wp-content\/uploads\/2021\/12\/1636561738744-768x1027.jpg 768w, https:\/\/biograna.net\/wp-content\/uploads\/2021\/12\/1636561738744-1148x1536.jpg 1148w, https:\/\/biograna.net\/wp-content\/uploads\/2021\/12\/1636561738744-700x936.jpg 700w, https:\/\/biograna.net\/wp-content\/uploads\/2021\/12\/1636561738744.jpg 1196w\" sizes=\"(max-width: 224px) 100vw, 224px\" \/><\/figure>\n\n\n\n<h3 class=\"wp-block-heading\">Contenant en carton (bo\u00eete)<\/h3>\n\n\n\n<ul>\n<li><strong>Dimensions: <\/strong><em><em>40x30x18 ou 40x30x23 cm.<\/em><\/em><\/li>\n\n\n\n<li><strong>Poids net de la bo\u00eete: <\/strong><em>5-6 Kg.<\/em><\/li>\n\n\n\n<li><em><strong>Tara de la bo\u00eete: <\/strong>400 gr.<\/em><\/li>\n<\/ul>\n\n\n\n<p>Pour d&#8217;autres tailles de bo\u00eetes, <a href=\"https:\/\/biograna.net\/index.php\/fr\/contact-2\">veuillez nous contacter<\/a>.<\/p>\n\n\n\n<figure class=\"wp-block-image size-medium\" id=\"wp-block-themeisle-blocks-image-a5b79b8b\"><img loading=\"lazy\" decoding=\"async\" width=\"300\" height=\"225\" src=\"https:\/\/biograna.net\/wp-content\/uploads\/2021\/12\/1636561875799-300x225.jpg\" alt=\"\" class=\"wp-image-538\" srcset=\"https:\/\/biograna.net\/wp-content\/uploads\/2021\/12\/1636561875799-300x225.jpg 300w, https:\/\/biograna.net\/wp-content\/uploads\/2021\/12\/1636561875799.jpg 600w\" sizes=\"(max-width: 300px) 100vw, 300px\" \/><\/figure>\n\n\n\n<h3 class=\"wp-block-heading\">Palette<\/h3>\n\n\n\n<ul>\n<li><strong>Dimensions: <\/strong><em>100 x 120 x 245 cm.<\/em><\/li>\n\n\n\n<li><strong>Volume:<\/strong><em> 2,94 m<sup>3<\/sup><\/em><\/li>\n\n\n\n<li><strong>Bo\u00eetes par palette: <\/strong><em>168 unit\u00e9s<\/em><\/li>\n\n\n\n<li><strong>Poids net de la palette compl\u00e8te: <\/strong><em>de 900 a 1100 Kg.<\/em><\/li>\n<\/ul>\n\n\n\n<p><\/p>\n\n\n\n<h3 class=\"wp-block-heading\">Europalette<\/h3>\n\n\n\n<ul>\n<li><strong>Dimensions: <\/strong><em>80 x 120 x 144 cm.<\/em><\/li>\n\n\n\n<li><strong>Volume:<\/strong> <em>1,38 m<sup>3<\/sup><\/em><\/li>\n\n\n\n<li><strong>Bo\u00eetes par palette:<\/strong> <em>79 unit\u00e9s<\/em><\/li>\n\n\n\n<li><strong>Poids net de la palette compl\u00e8te:<\/strong> <em>de 425 a 505 Kg.<\/em><\/li>\n<\/ul>\n","protected":false},"excerpt":{"rendered":"<p>Nous sommes un groupe de producteurs de grenades biologiques certifi\u00e9s par le Comit\u00e9 d&#8217;Agriculture \u00c9cologique de la Comunitat Valenciana (CAECV) du Baix Vinalop\u00f3 et des comt\u00e9s voisins, nous commercialisons ensemble depuis des ann\u00e9es. En 2020, nous sommes devenus la BIOGRANA Agricultural Transformation Society pour am\u00e9liorer la production, la transformation et la commercialisation des grenades biologiques [&hellip;]<\/p>\n","protected":false},"author":1,"featured_media":366,"parent":0,"menu_order":0,"comment_status":"closed","ping_status":"closed","template":"","meta":{"_themeisle_gutenberg_block_has_review":false,"footnotes":""},"_links":{"self":[{"href":"https:\/\/biograna.net\/index.php\/wp-json\/wp\/v2\/pages\/58"}],"collection":[{"href":"https:\/\/biograna.net\/index.php\/wp-json\/wp\/v2\/pages"}],"about":[{"href":"https:\/\/biograna.net\/index.php\/wp-json\/wp\/v2\/types\/page"}],"author":[{"embeddable":true,"href":"https:\/\/biograna.net\/index.php\/wp-json\/wp\/v2\/users\/1"}],"replies":[{"embeddable":true,"href":"https:\/\/biograna.net\/index.php\/wp-json\/wp\/v2\/comments?post=58"}],"version-history":[{"count":24,"href":"https:\/\/biograna.net\/index.php\/wp-json\/wp\/v2\/pages\/58\/revisions"}],"predecessor-version":[{"id":727,"href":"https:\/\/biograna.net\/index.php\/wp-json\/wp\/v2\/pages\/58\/revisions\/727"}],"wp:featuredmedia":[{"embeddable":true,"href":"https:\/\/biograna.net\/index.php\/wp-json\/wp\/v2\/media\/366"}],"wp:attachment":[{"href":"https:\/\/biograna.net\/index.php\/wp-json\/wp\/v2\/media?parent=58"}],"curies":[{"name":"wp","href":"https:\/\/api.w.org\/{rel}","templated":true}]}}