{"id":21,"date":"2021-06-19T09:53:42","date_gmt":"2021-06-19T09:53:42","guid":{"rendered":"https:\/\/biograna.net\/?page_id=21"},"modified":"2021-06-20T18:19:42","modified_gmt":"2021-06-20T18:19:42","slug":"politique-de-confidentialite","status":"publish","type":"page","link":"https:\/\/biograna.net\/index.php\/fr\/politique-de-confidentialite\/","title":{"rendered":"Politique de confidentialit\u00e9"},"content":{"rendered":"\n<h2 class=\"wp-block-heading\">Qui sommes nous<\/h2>\n\n\n\n<p>Biograna SAT est une entreprise de transformation agraire d\u00e9di\u00e9e \u00e0 la commercialisation de la grenade biologique. Notre adresse Web est : https:\/\/biograna.net.<\/p>\n\n\n\n<h2 class=\"wp-block-heading\">Cookies<\/h2>\n\n\n\n<p>Les cookies de session durent deux jours.<\/p>\n","protected":false},"excerpt":{"rendered":"<p>Qui sommes nous Biograna SAT est une entreprise de transformation agraire d\u00e9di\u00e9e \u00e0 la commercialisation de la grenade biologique. Notre adresse Web est : https:\/\/biograna.net. Cookies Les cookies de session durent deux jours.<\/p>\n","protected":false},"author":1,"featured_media":371,"parent":0,"menu_order":0,"comment_status":"closed","ping_status":"closed","template":"","meta":{"_themeisle_gutenberg_block_has_review":false,"footnotes":""},"_links":{"self":[{"href":"https:\/\/biograna.net\/index.php\/wp-json\/wp\/v2\/pages\/21"}],"collection":[{"href":"https:\/\/biograna.net\/index.php\/wp-json\/wp\/v2\/pages"}],"about":[{"href":"https:\/\/biograna.net\/index.php\/wp-json\/wp\/v2\/types\/page"}],"author":[{"embeddable":true,"href":"https:\/\/biograna.net\/index.php\/wp-json\/wp\/v2\/users\/1"}],"replies":[{"embeddable":true,"href":"https:\/\/biograna.net\/index.php\/wp-json\/wp\/v2\/comments?post=21"}],"version-history":[{"count":2,"href":"https:\/\/biograna.net\/index.php\/wp-json\/wp\/v2\/pages\/21\/revisions"}],"predecessor-version":[{"id":24,"href":"https:\/\/biograna.net\/index.php\/wp-json\/wp\/v2\/pages\/21\/revisions\/24"}],"wp:featuredmedia":[{"embeddable":true,"href":"https:\/\/biograna.net\/index.php\/wp-json\/wp\/v2\/media\/371"}],"wp:attachment":[{"href":"https:\/\/biograna.net\/index.php\/wp-json\/wp\/v2\/media?parent=21"}],"curies":[{"name":"wp","href":"https:\/\/api.w.org\/{rel}","templated":true}]}}