{"id":11,"date":"2021-06-19T09:38:44","date_gmt":"2021-06-19T09:38:44","guid":{"rendered":"https:\/\/biograna.net\/?page_id=11"},"modified":"2021-06-20T18:18:14","modified_gmt":"2021-06-20T18:18:14","slug":"politica-de-privadesa","status":"publish","type":"page","link":"https:\/\/biograna.net\/index.php\/ca\/politica-de-privadesa\/","title":{"rendered":"Pol\u00edtica de privadesa"},"content":{"rendered":"\n<h2 class=\"wp-block-heading\">Qui som<\/h2>\n\n\n\n<p>Biograna SAT \u00e9s una societat agr\u00e0ria de transformaci\u00f3 que es dedica a la comercialitzaci\u00f3 de magrana ecol\u00f2gica. La nostra adre\u00e7a web \u00e9s: https:\/\/biograna.net.<\/p>\n\n\n\n<h2 class=\"wp-block-heading\">Galetes<\/h2>\n\n\n\n<p>Les galetes de sessi\u00f3 duren dos dies.<\/p>\n","protected":false},"excerpt":{"rendered":"<p>Qui som Biograna SAT \u00e9s una societat agr\u00e0ria de transformaci\u00f3 que es dedica a la comercialitzaci\u00f3 de magrana ecol\u00f2gica. La nostra adre\u00e7a web \u00e9s: https:\/\/biograna.net. Galetes Les galetes de sessi\u00f3 duren dos dies.<\/p>\n","protected":false},"author":1,"featured_media":369,"parent":0,"menu_order":0,"comment_status":"closed","ping_status":"closed","template":"","meta":{"_themeisle_gutenberg_block_has_review":false,"footnotes":""},"_links":{"self":[{"href":"https:\/\/biograna.net\/index.php\/wp-json\/wp\/v2\/pages\/11"}],"collection":[{"href":"https:\/\/biograna.net\/index.php\/wp-json\/wp\/v2\/pages"}],"about":[{"href":"https:\/\/biograna.net\/index.php\/wp-json\/wp\/v2\/types\/page"}],"author":[{"embeddable":true,"href":"https:\/\/biograna.net\/index.php\/wp-json\/wp\/v2\/users\/1"}],"replies":[{"embeddable":true,"href":"https:\/\/biograna.net\/index.php\/wp-json\/wp\/v2\/comments?post=11"}],"version-history":[{"count":2,"href":"https:\/\/biograna.net\/index.php\/wp-json\/wp\/v2\/pages\/11\/revisions"}],"predecessor-version":[{"id":20,"href":"https:\/\/biograna.net\/index.php\/wp-json\/wp\/v2\/pages\/11\/revisions\/20"}],"wp:featuredmedia":[{"embeddable":true,"href":"https:\/\/biograna.net\/index.php\/wp-json\/wp\/v2\/media\/369"}],"wp:attachment":[{"href":"https:\/\/biograna.net\/index.php\/wp-json\/wp\/v2\/media?parent=11"}],"curies":[{"name":"wp","href":"https:\/\/api.w.org\/{rel}","templated":true}]}}